{"id":4629,"date":"2017-08-15T20:41:40","date_gmt":"2017-08-15T20:41:40","guid":{"rendered":"https:\/\/paikre.ee\/klienditugi\/kkk\/"},"modified":"2022-07-07T12:39:36","modified_gmt":"2022-07-07T12:39:36","slug":"kkk","status":"publish","type":"page","link":"https:\/\/paikre.ee\/en\/klienditugi\/kkk\/","title":{"rendered":"FAQ"},"content":{"rendered":"<p>[vc_row][vc_column][vc_custom_heading text=&#8221;FAQ&#8221; font_container=&#8221;tag:h2|text_align:left|color:%23444444&#8243; use_theme_fonts=&#8221;yes&#8221;]<hr class=\"line\" style=\"height:3px;background-color:#f78c00;width:100px;margin-top:10px;margin-bottom:20px;\" ><div class=\"clearfix\"><\/div>[\/vc_column][\/vc_row][vc_row][vc_column][vc_toggle title=&#8221;What time are you open?&#8221; style=&#8221;round_outline&#8221; color=&#8221;blue&#8221; size=&#8221;sm&#8221; css_animation=&#8221;left-to-right&#8221; custom_font_container=&#8221;tag:h2|font_size:16px|text_align:left&#8221; custom_use_theme_fonts=&#8221;yes&#8221; use_custom_heading=&#8221;true&#8221;]P\u00e4rnu city, Raba 39 sorting station is open M-F 8.00-18.00; Sat 10.00-14.00; Sun 10.00-12.00<br \/>\nPaikuse, P\u00f5lendmaa landfill is open M-F 7.00-19.00; Sat 8.00-18.00; Sun 13.00-16.00[\/vc_toggle][vc_toggle title=&#8221;Where and at what cost can I bring my old TV and fridge?&#8221; style=&#8221;round_outline&#8221; color=&#8221;blue&#8221; size=&#8221;sm&#8221; css_animation=&#8221;left-to-right&#8221; custom_font_container=&#8221;tag:h2|font_size:16px|text_align:left&#8221; custom_use_theme_fonts=&#8221;yes&#8221; use_custom_heading=&#8221;true&#8221; css=&#8221;.vc_custom_1657197101351{margin-top: -10px !important;}&#8221;]Complex electronics (e.g. fridge, television, washing machine, stove) and small electric appliances<br \/>\n(e.g. microwave oven, electric kettle, vacuum cleaner, clothes iron) can be delivered to Paikre<br \/>\nsorting station or landfill for <strong>FREE<\/strong>.[\/vc_toggle][vc_toggle title=&#8221;What to do with old mattresses and furniture?&#8221; style=&#8221;round_outline&#8221; color=&#8221;blue&#8221; size=&#8221;sm&#8221; css_animation=&#8221;left-to-right&#8221; custom_font_container=&#8221;tag:h2|font_size:16px|text_align:left&#8221; custom_use_theme_fonts=&#8221;yes&#8221; use_custom_heading=&#8221;true&#8221; css=&#8221;.vc_custom_1657197126966{margin-top: -10px !important;}&#8221;]Mattresses, furniture, clothing that is unusable can be delivered to Paikre&#8217;s landfill, with a price of 93,00 eur\/ton.[\/vc_toggle][vc_toggle title=&#8221;Where can I bring empty paint cans?&#8221; style=&#8221;round_outline&#8221; color=&#8221;blue&#8221; size=&#8221;sm&#8221; css_animation=&#8221;left-to-right&#8221; custom_font_container=&#8221;tag:h2|font_size:16px|text_align:left&#8221; custom_use_theme_fonts=&#8221;yes&#8221; use_custom_heading=&#8221;true&#8221; css=&#8221;.vc_custom_1657197150057{margin-top: -10px !important;}&#8221;]Paint cans are a hazardous waste like old batteries,luminescence lights, mercury thermometers and medication<br \/>\nThey need to be taken to Paikre&#8217;s sorting station or landfill. Free of charge for citizens.[\/vc_toggle][vc_toggle title=&#8221;Where can I bring construction waste?&#8221; style=&#8221;round_outline&#8221; color=&#8221;blue&#8221; size=&#8221;sm&#8221; css_animation=&#8221;left-to-right&#8221; custom_font_container=&#8221;tag:h2|font_size:16px|text_align:left&#8221; custom_use_theme_fonts=&#8221;yes&#8221; use_custom_heading=&#8221;true&#8221; css=&#8221;.vc_custom_1657197215977{margin-top: -10px !important;}&#8221;]Construction and demolition debris in large quantities can be brought to Paikre&#8217;s landfill at 78.12 EUR\/ton.<br \/>\nSmaller quantities can be brought to Raba&#8217;s sorting station at 106.10 EUR\/ton[\/vc_toggle][vc_toggle title=&#8221; Where can I bring branches, leaves, grass and food waste?&#8221; style=&#8221;round_outline&#8221; color=&#8221;blue&#8221; size=&#8221;sm&#8221; css_animation=&#8221;left-to-right&#8221; custom_font_container=&#8221;tag:h2|font_size:16px|text_align:left&#8221; custom_use_theme_fonts=&#8221;yes&#8221; use_custom_heading=&#8221;true&#8221; css=&#8221;.vc_custom_1657197409789{margin-top: -10px !important;}&#8221;]Biodegradable waste should not be put in municipal waste containers. Biodegradable waste can be brought to<br \/>\nPaikre&#8217;s sorting station and landfill which will be sent to composting.<\/p>\n<p>Biolagunevate j\u00e4\u00e4tmete vastuv\u00f5tt:<br \/>\n&#8211; garden and park waste at Paikre&#8217;s landfill with a price of 36,00 EUR\/ton.<br \/>\n&#8211; garden and park waste at\u00a0 Paikre&#8217;s sortingstation with a price of 48,00 EUR\/ton.<\/p>\n<p>&#8211; food and kitchen waste at Paikre&#8217;s landfill with a price of 74,40 EUR\/ton.[\/vc_toggle][vc_toggle title=&#8221;Where can I bring eternit collected from old roofs?&#8221; style=&#8221;round_outline&#8221; color=&#8221;blue&#8221; size=&#8221;sm&#8221; css_animation=&#8221;left-to-right&#8221; custom_font_container=&#8221;tag:h2|font_size:16px|text_align:left&#8221; custom_use_theme_fonts=&#8221;yes&#8221; use_custom_heading=&#8221;true&#8221; css=&#8221;.vc_custom_1657197444659{margin-top: -10px !important;}&#8221;]Old eternit, also known as asbestos, is a hazardous waste and should be brought to Paikre&#8217;s landfill at 81,00 EUR\/t0n.[\/vc_toggle][vc_toggle title=&#8221;Do you accept old tires?&#8221; style=&#8221;round_outline&#8221; color=&#8221;blue&#8221; size=&#8221;sm&#8221; css_animation=&#8221;left-to-right&#8221; custom_font_container=&#8221;tag:h2|font_size:16px|text_align:left&#8221; custom_use_theme_fonts=&#8221;yes&#8221; use_custom_heading=&#8221;true&#8221; css=&#8221;.vc_custom_1657197468126{margin-top: -10px !important;}&#8221;]Yes, old tires are priced. Car and bicycle priced 360,00 \u20ac\/ton, truck and tractor tires 420,00 \u20ac\/ton[\/vc_toggle][vc_toggle title=&#8221;Do you accept window glass?&#8221; style=&#8221;round_outline&#8221; color=&#8221;blue&#8221; size=&#8221;sm&#8221; css_animation=&#8221;left-to-right&#8221; custom_font_container=&#8221;tag:h2|font_size:16px|text_align:left&#8221; custom_use_theme_fonts=&#8221;yes&#8221; use_custom_heading=&#8221;true&#8221; css=&#8221;.vc_custom_1657197550795{margin-top: -10px !important;}&#8221;]Window glass can be brought to Paikre&#8217;s landfill and sorting station. NB! This does not include mirrors and car glass.[\/vc_toggle][\/vc_column][\/vc_row]<\/p>\n","protected":false},"excerpt":{"rendered":"<p> [&hellip;]<\/p>\n","protected":false},"author":1,"featured_media":0,"parent":3110,"menu_order":0,"comment_status":"closed","ping_status":"closed","template":"","meta":{"footnotes":""},"acf":[],"_links":{"self":[{"href":"https:\/\/paikre.ee\/en\/wp-json\/wp\/v2\/pages\/4629"}],"collection":[{"href":"https:\/\/paikre.ee\/en\/wp-json\/wp\/v2\/pages"}],"about":[{"href":"https:\/\/paikre.ee\/en\/wp-json\/wp\/v2\/types\/page"}],"author":[{"embeddable":true,"href":"https:\/\/paikre.ee\/en\/wp-json\/wp\/v2\/users\/1"}],"replies":[{"embeddable":true,"href":"https:\/\/paikre.ee\/en\/wp-json\/wp\/v2\/comments?post=4629"}],"version-history":[{"count":3,"href":"https:\/\/paikre.ee\/en\/wp-json\/wp\/v2\/pages\/4629\/revisions"}],"predecessor-version":[{"id":4632,"href":"https:\/\/paikre.ee\/en\/wp-json\/wp\/v2\/pages\/4629\/revisions\/4632"}],"up":[{"embeddable":true,"href":"https:\/\/paikre.ee\/en\/wp-json\/wp\/v2\/pages\/3110"}],"wp:attachment":[{"href":"https:\/\/paikre.ee\/en\/wp-json\/wp\/v2\/media?parent=4629"}],"curies":[{"name":"wp","href":"https:\/\/api.w.org\/{rel}","templated":true}]}}