{"id":3106,"date":"2018-01-31T03:59:48","date_gmt":"2018-01-31T03:59:48","guid":{"rendered":"https:\/\/paikre.ee\/?page_id=3106"},"modified":"2026-04-06T08:08:14","modified_gmt":"2026-04-06T08:08:14","slug":"ettevottest","status":"publish","type":"page","link":"https:\/\/paikre.ee\/en\/ettevottest\/","title":{"rendered":"About Us"},"content":{"rendered":"<p>[vc_row 0=&#8221;&#8221;][vc_column width=&#8221;1\/2&#8243;][vc_custom_heading text=&#8221;History of Paikre&#8221; use_theme_fonts=&#8221;yes&#8221; el_id=&#8221;meist&#8221;]<hr class=\"line\" style=\"height:3px;background-color:#f78c00;width:100px;margin-top:10px;margin-bottom:25px;\" ><div class=\"clearfix\"><\/div>[vc_column_text]In 1995 the general plan of the municipality of Paikuse foresaw establishing a new landfill. P\u00e4rnu city and Paikuse municipality created a private limited company for organizing waste management and setting up a new landfill on 8th of February 2002. Paikuse J\u00e4\u00e4tmek\u00e4itluskeskus in two equal shares was created. On Raba 39 plot was designed a sorting station and on P\u00f5lendmaa ground a new landfill.<\/p>\n<ul>\n<li>10th of March 2006 started its operation waste sorting station at Raba 39, focused on material recycle.<\/li>\n<li>11th of May 2006, O\u00dc Paikuse J\u00e4\u00e4tmek\u00e4itluskeskus was renamed O\u00dc Paikre.<\/li>\n<li>12th of June 2006 a new landfill was opened in Paikuse, P\u00f5lendmaa, with a capacity to bury ca 1,5 milion tons of wastes. On the same day R\u00e4\u00e4ma landfill in P\u00e4rnu stopped its operation.<\/li>\n<\/ul>\n<p>In 2006-2011 R\u00e4\u00e4ma landfill was closed, which was in active use since 1957. The capacity of this 18 ha in size and 13 meters in depth garbage hill is ca 1,2 milion tons.<br \/>\nIn the process of closure a landfill-gas based CHP plant was built, which started electricity production on 30th of September 2011. Plant\u00b4s electricity and heat production power is accordingly 150 kW and\u00a0power 180 kW.[\/vc_column_text][\/vc_column][vc_column width=&#8221;1\/2&#8243;][vc_single_image image=&#8221;2640&#8243; img_size=&#8221;full&#8221; alignment=&#8221;center&#8221;][vc_single_image image=&#8221;2641&#8243; img_size=&#8221;full&#8221; alignment=&#8221;center&#8221; css=&#8221;.vc_custom_1512392727037{margin-top: 15px !important;}&#8221;][\/vc_column][\/vc_row][vc_row css=&#8221;.vc_custom_1501094571511{margin-top: 25px !important;}&#8221;][vc_column 0=&#8221;&#8221;][vc_custom_heading text=&#8221;Today&#8230;&#8221; use_theme_fonts=&#8221;yes&#8221;][vc_column_text 0=&#8221;&#8221;]Paikre is actively developing new business lines. Paikre as a waste sector company is standing good for promoting environmental education in the county of Paikre. Accordingly to the states waste management plan the target is to recycle as much as possible, incl reuse and bury as little as possible in landfill, so that the impact to the environment would be minimal. All wastes accepted by Paikre are treated according to the requirements.[\/vc_column_text][\/vc_column][\/vc_row][vc_row css=&#8221;.vc_custom_1501094026259{margin-top: 55px !important;}&#8221; el_id=&#8221;meeskond&#8221;][vc_column 0=&#8221;&#8221;][vc_custom_heading text=&#8221;Team&#8221; font_container=&#8221;tag:h2|text_align:left|color:%23424242&#8243; use_theme_fonts=&#8221;yes&#8221;]<hr class=\"line\" style=\"height:3px;background-color:#f78c00;width:100px;margin-top:10px;margin-bottom:25px;\" ><div class=\"clearfix\"><\/div>[\/vc_column][\/vc_row][vc_row css=&#8221;.vc_custom_1501005537657{margin-top: 30px !important;}&#8221;][vc_column width=&#8221;1\/4&#8243;][vc_column_text 0=&#8221;&#8221;]Toomas Liidemaa<br \/>\n<strong>Manager<\/strong><br \/>\n<i class=\"fa fa-envelope\"> <\/i> toomas@paikre.ee<br \/>\n<i class=\"fa fa-phone\"> <\/i> 44 55 760[\/vc_column_text][\/vc_column][vc_column width=&#8221;1\/4&#8243;][vc_column_text 0=&#8221;&#8221;]Annela Ehv\u00e4rt<br \/>\n<strong>Personnel Manager<\/strong><br \/>\n<i class=\"fa fa-envelope\"> <\/i> annela@paikre.ee<br \/>\n+372 53892567[\/vc_column_text][\/vc_column][vc_column width=&#8221;1\/4&#8243;][vc_column_text 0=&#8221;&#8221;]Marko Isand<br \/>\n<strong>Maintenance Manager<\/strong><br \/>\n<i class=\"fa fa-envelope\"> <\/i> marko@paikre.ee<br \/>\n+372 56661289[\/vc_column_text][vc_column_text 0=&#8221;&#8221;][\/vc_column_text][\/vc_column][vc_column width=&#8221;1\/4&#8243;][\/vc_column][\/vc_row][vc_row css=&#8221;.vc_custom_1512739758531{margin-top: 40px !important;}&#8221;][vc_column width=&#8221;1\/4&#8243;][vc_column_text 0=&#8221;&#8221;]<strong>Accounting<\/strong><br \/>\n<i class=\"fa fa-envelope\"> <\/i> raamat@paikre.ee<br \/>\n<i class=\"fa fa-phone\"> <\/i> 44 55 750[\/vc_column_text][\/vc_column][vc_column width=&#8221;1\/4&#8243;][vc_column_text 0=&#8221;&#8221;]Mattias Oga<br \/>\n<strong>Environmental Specialist<\/strong><br \/>\n<i class=\"fa fa-envelope\"> <\/i> mattias@paikre.ee<br \/>\n44 55 755[\/vc_column_text][\/vc_column][vc_column width=&#8221;1\/4&#8243;][vc_column_text 0=&#8221;&#8221;]Heli Lehtmets<br \/>\n<strong>Customer Administrator<\/strong><br \/>\n<i class=\"fa fa-envelope\"> <\/i> heli@paikre.ee<br \/>\n<i class=\"fa fa-phone\"> <\/i> 44 55 767[\/vc_column_text][\/vc_column][vc_column width=&#8221;1\/4&#8243;][\/vc_column][\/vc_row][vc_row css=&#8221;.vc_custom_1512739758531{margin-top: 40px !important;}&#8221;][vc_column width=&#8221;1\/4&#8243;][vc_column_text 0=&#8221;&#8221;]Keit Nestor<br \/>\n<strong>Head of Operations<\/strong><br \/>\n<i class=\"fa fa-envelope\"> <\/i> keit@paikre.ee<br \/>\n<i class=\"fa fa-phone\"> <\/i> 44 55 760[\/vc_column_text][\/vc_column][vc_column width=&#8221;1\/4&#8243;][\/vc_column][\/vc_row][vc_row css=&#8221;.vc_custom_1512739792399{margin-top: 40px !important;}&#8221;][vc_column width=&#8221;1\/4&#8243;][vc_column_text 0=&#8221;&#8221;]Merilin Liitmaa<br \/>\n<strong>Financial Controller<\/strong><br \/>\n<i class=\"fa fa-envelope\"> <\/i> merilin@paikre.ee<br \/>\n<i class=\"fa fa-phone\"> <\/i> 44 55 769[\/vc_column_text][\/vc_column][vc_column width=&#8221;1\/4&#8243;][vc_column_text 0=&#8221;&#8221;]Kadri \u00d5unapuu<br \/>\n<strong>Customer Administrator<\/strong><br \/>\n<i class=\"fa fa-envelope\"> <\/i> kadri@paikre.ee<br \/>\n<i class=\"fa fa-phone\"> <\/i> 44 55 760[\/vc_column_text][\/vc_column][vc_column width=&#8221;1\/4&#8243;][\/vc_column][vc_column width=&#8221;1\/4&#8243;][\/vc_column][\/vc_row][vc_row css=&#8221;.vc_custom_1512739792399{margin-top: 40px !important;}&#8221;][vc_column width=&#8221;1\/4&#8243;][\/vc_column][vc_column width=&#8221;1\/4&#8243;][\/vc_column][vc_column width=&#8221;1\/4&#8243;][\/vc_column][vc_column width=&#8221;1\/4&#8243;][\/vc_column][\/vc_row][vc_row css=&#8221;.vc_custom_1512739792399{margin-top: 40px !important;}&#8221;][vc_column width=&#8221;1\/4&#8243;][\/vc_column][vc_column width=&#8221;1\/4&#8243;][\/vc_column][vc_column width=&#8221;1\/4&#8243;][\/vc_column][vc_column width=&#8221;1\/4&#8243;][\/vc_column][\/vc_row][vc_row css=&#8221;.vc_custom_1501094647662{margin-top: 50px !important;}&#8221; el_id=&#8221;kontaktid&#8221;][vc_column][vc_custom_heading text=&#8221;Contact Information&#8221; font_container=&#8221;tag:h2|text_align:left|color:%23424242&#8243; use_theme_fonts=&#8221;yes&#8221;]<hr class=\"line\" style=\"height:3px;background-color:#f78c00;width:100px;margin-top:10px;margin-bottom:25px;\" ><div class=\"clearfix\"><\/div>[\/vc_column][\/vc_row][vc_row css=&#8221;.vc_custom_1503484060598{margin-bottom: 0px !important;}&#8221;][vc_column width=&#8221;1\/2&#8243;][vc_row_inner css=&#8221;.vc_custom_1503484071579{margin-top: 0px !important;}&#8221;][vc_column_inner width=&#8221;1\/2&#8243;][vc_custom_heading text=&#8221;Paikre O\u00dc&#8221; font_container=&#8221;tag:h2|text_align:left|color:%23f78c00&#8243; google_fonts=&#8221;font_family:Roboto%3A100%2C100italic%2C300%2C300italic%2Cregular%2Citalic%2C500%2C500italic%2C700%2C700italic%2C900%2C900italic|font_style:500%20bold%20regular%3A500%3Anormal&#8221; css=&#8221;.vc_custom_1503484084462{margin-bottom: 0px !important;}&#8221;][\/vc_column_inner][\/vc_row_inner][vc_row_inner css=&#8221;.vc_custom_1503484071579{margin-top: 0px !important;}&#8221;][vc_column_inner width=&#8221;1\/2&#8243;][vc_column_text]Registration number 10836969<br \/>\nP\u00f5lendmaa landfill, P\u00f5lendmaa village,<br \/>\nP\u00e4rnu city<br \/>\nP\u00e4rnu county 80046[\/vc_column_text][vc_column_text css=&#8221;.vc_custom_1518701793018{margin-top: 15px !important;}&#8221;]Phone\u00a0<strong>44 55 760<\/strong><br \/>\nEmail <a href=\"mailto:info@paikre.ee\"><b>info@paikre.ee<\/b><\/a>[\/vc_column_text][\/vc_column_inner][\/vc_row_inner][\/vc_column][vc_column width=&#8221;1\/2&#8243;][\/vc_column][\/vc_row][vc_row css=&#8221;.vc_custom_1499860672769{margin-top: 55px !important;}&#8221; el_id=&#8221;jaatmejaamade-kontaktid&#8221;][vc_column width=&#8221;1\/4&#8243;][vc_custom_heading text=&#8221;Sorting station&#8221; font_container=&#8221;tag:h2|text_align:left|color:%23f78c00&#8243; google_fonts=&#8221;font_family:Roboto%3A100%2C100italic%2C300%2C300italic%2Cregular%2Citalic%2C500%2C500italic%2C700%2C700italic%2C900%2C900italic|font_style:500%20bold%20regular%3A500%3Anormal&#8221; css=&#8221;.vc_custom_1518701814071{margin-bottom: 30px !important;}&#8221;][vc_raw_html 0=&#8221;&#8221;]JTNDZGl2JTIwc3R5bGUlM0QlMjJkaXNwbGF5JTNBJTIwaW5saW5lLWJsb2NrJTNCJTIwdmVydGljYWwtYWxpZ24lM0ElMjB0b3AlM0IlMjBtYXJnaW4tcmlnaHQlM0ElMjAxMHB4JTNCJTIyJTNFJTBBJTNDaSUyMGNsYXNzJTNEJTIyZmElMjBmYS1ob21lJTIyJTIwc3R5bGUlM0QlMjJjb2xvciUzQSUyMCUyMzAwMDAwMCUzQiUyMGZvbnQtc2l6ZSUzQSUyMDE4cHglM0IlMjIlM0UlMjAlM0MlMkZpJTNFJTBBJTNDJTJGZGl2JTNFJTBBJTBBJTNDZGl2JTIwc3R5bGUlM0QlMjJkaXNwbGF5JTNBJTIwaW5saW5lLWJsb2NrJTNCJTIyJTNFJTBBJTNDcCUyMHN0eWxlJTNEJTIyZm9udC1zaXplJTNBJTIwMTVweCUzQiUyMiUzRSUwQVJhYmElMjAzOSUyQyUyMFAlQzMlQTRybnUlM0NiciUzRSUwQVAlQzMlQTRybnVtYWElMjA4MDA0MSUwQSUzQyUyRnAlM0UlMEElM0MlMkZkaXYlM0UlMEE=[\/vc_raw_html][vc_raw_html 0=&#8221;&#8221;]JTNDZGl2JTIwc3R5bGUlM0QlMjJkaXNwbGF5JTNBJTIwaW5saW5lLWJsb2NrJTNCJTIwdmVydGljYWwtYWxpZ24lM0ElMjB0b3AlM0IlMjBtYXJnaW4tcmlnaHQlM0ElMjAxMHB4JTNCJTIyJTNFJTBBJTNDaSUyMGNsYXNzJTNEJTIyZmElMjBmYS1jbG9jay1vJTIyJTIwc3R5bGUlM0QlMjJjb2xvciUzQSUyMCUyMzAwMDAwMCUzQiUyMGZvbnQtc2l6ZSUzQSUyMDE4cHglM0IlMjIlM0UlMjAlM0MlMkZpJTNFJTBBJTNDJTJGZGl2JTNFJTBBJTBBJTNDZGl2JTIwc3R5bGUlM0QlMjJkaXNwbGF5JTNBJTIwaW5saW5lLWJsb2NrJTNCJTIyJTNFJTBBJTNDcCUyMHN0eWxlJTNEJTIyZm9udC1zaXplJTNBJTIwMTVweCUzQiUyMiUzRSUwQSUzQ2IlM0UlMjBNb24tRnJpJTNDJTJGYiUzRSUyMDguMDAlMjAtJTIwMTguMDAlM0NiciUzRSUwQSUzQ2IlM0UlMjBTYXQlM0MlMkZiJTNFJTIwMTAuMDAlMjAtJTIwMTQuMDAlM0NiciUzRSUwQSUzQ2IlM0UlMjBTdW4lM0MlMkZiJTNFJTIwQ0xPU0VEJTNDYnIlM0UlMEFHQVRFUyUyMFdJTEwlMjBCRSUyMENMT1NFRCUyMDEwJTIwTUlOLiUyMEJFRk9SRSUyMFRIRSUyMENMT1NJTkclMjBUSU1FJTIxJTBBJTNDJTJGcCUzRSUwQSUzQyUyRmRpdiUzRQ==[\/vc_raw_html][vc_raw_html css=&#8221;.vc_custom_1501693329359{margin-top: 0px !important;border-top-width: 0px !important;padding-top: 0px !important;}&#8221;]JTNDZGl2JTIwc3R5bGUlM0QlMjJkaXNwbGF5JTNBJTIwaW5saW5lLWJsb2NrJTNCJTIwdmVydGljYWwtYWxpZ24lM0ElMjB0b3AlM0IlMjBtYXJnaW4tcmlnaHQlM0ElMjAxMHB4JTNCJTIyJTNFJTBBJTNDaSUyMGNsYXNzJTNEJTIyZmElMjBmYS1waG9uZSUyMiUyMHN0eWxlJTNEJTIyY29sb3IlM0ElMjAlMjMwMDAwMDAlM0IlMjBmb250LXNpemUlM0ElMjAxOHB4JTNCJTIyJTNFJTIwJTNDJTJGaSUzRSUwQSUzQyUyRmRpdiUzRSUwQSUwQSUzQ2RpdiUyMHN0eWxlJTNEJTIyZGlzcGxheSUzQSUyMGlubGluZS1ibG9jayUzQiUyMiUzRSUwQSUzQ3AlMjBzdHlsZSUzRCUyMmZvbnQtc2l6ZSUzQSUyMDE1cHglM0IlMjIlM0UlMEE0NCUyMDU1JTIwNzUwJTBBJTNDJTJGcCUzRSUwQSUzQyUyRmRpdiUzRQ==[\/vc_raw_html][vc_raw_html 0=&#8221;&#8221;]JTNDZGl2JTIwc3R5bGUlM0QlMjJkaXNwbGF5JTNBJTIwaW5saW5lLWJsb2NrJTNCJTIwdmVydGljYWwtYWxpZ24lM0ElMjB0b3AlM0IlMjBtYXJnaW4tcmlnaHQlM0ElMjAxMHB4JTNCJTIyJTNFJTBBJTNDaSUyMGNsYXNzJTNEJTIyZmElMjBmYS1lbnZlbG9wZSUyMiUyMHN0eWxlJTNEJTIyY29sb3IlM0ElMjAlMjMwMDAwMDAlM0IlMjBmb250LXNpemUlM0ElMjAxOHB4JTNCJTIyJTNFJTIwJTNDJTJGaSUzRSUwQSUzQyUyRmRpdiUzRSUwQSUwQSUzQ2RpdiUyMHN0eWxlJTNEJTIyZGlzcGxheSUzQSUyMGlubGluZS1ibG9jayUzQiUyMiUzRSUwQSUzQ3AlMjBzdHlsZSUzRCUyMmZvbnQtc2l6ZSUzQSUyMDE1cHglM0IlMjIlM0UlMEElM0NhJTIwaHJlZiUzRCUyMm1haWx0byUzQWluZm8lNDBwYWlrcmUuZWUlMjIlM0UlM0NiJTNFaW5mbyU0MHBhaWtyZS5lZSUzQyUyRmIlM0UlM0MlMkZhJTNFJTBBJTNDJTJGcCUzRSUwQSUzQyUyRmRpdiUzRQ==[\/vc_raw_html][vc_separator css=&#8221;.vc_custom_1510953643211{margin-top: 10px !important;margin-bottom: 10px !important;}&#8221;][vc_raw_html 0=&#8221;&#8221;]JTNDZGl2JTIwc3R5bGUlM0QlMjJkaXNwbGF5JTNBJTIwaW5saW5lLWJsb2NrJTNCJTIwdmVydGljYWwtYWxpZ24lM0ElMjB0b3AlM0IlMjBtYXJnaW4tcmlnaHQlM0ElMjAxMHB4JTNCJTIyJTNFJTBBJTNDaSUyMGNsYXNzJTNEJTIyZmElMjBmYS1hcmNoaXZlJTIyJTIwc3R5bGUlM0QlMjJjb2xvciUzQSUyMCUyMzAwMDAwMCUzQiUyMGZvbnQtc2l6ZSUzQSUyMDE4cHglM0IlMjIlM0UlMjAlM0MlMkZpJTNFJTBBJTNDJTJGZGl2JTNFJTBBJTBBJTNDZGl2JTIwc3R5bGUlM0QlMjJkaXNwbGF5JTNBJTIwaW5saW5lLWJsb2NrJTNCJTIyJTNFJTBBJTNDcCUyMHN0eWxlJTNEJTIyZm9udC1zaXplJTNBJTIwMTVweCUzQiUyMiUzRSUwQSUzQ3N0cm9uZyUzRVdlaWdoaW5nJTIwdW5pdCUzQyUyRnN0cm9uZyUzRSUzQ2JyJTNFJTBBJTNDYSUyMGhyZWYlM0QlMjJtYWlsdG8lM0FyYWJha2FhbCU0MHBhaWtyZS5lZSUyMiUzRSUzQ2IlM0VyYWJha2FhbCU0MHBhaWtyZS5lZSUzQyUyRmIlM0UlM0MlMkZhJTNFJTNDYnIlM0UlMEE0NCUyMDU1JTIwNzUyJTBBJTNDJTJGcCUzRSUwQSUzQyUyRmRpdiUzRSUwQQ==[\/vc_raw_html][\/vc_column][vc_column width=&#8221;3\/4&#8243;][vc_gmaps link=&#8221;#E-8_JTNDaWZyYW1lJTIwc3JjJTNEJTIyaHR0cHMlM0ElMkYlMkZ3d3cuZ29vZ2xlLmNvbSUyRm1hcHMlMkZlbWJlZCUzRnBiJTNEJTIxMW0xOCUyMTFtMTIlMjExbTMlMjExZDEwNDUuMTU5NjIyMzE0Njc1MyUyMTJkMjQuNTIyMjc1ODU3NjI4NTI1JTIxM2Q1OC40MDQ4Nzc5ODEzNDQ5NiUyMTJtMyUyMTFmMCUyMTJmMCUyMTNmMCUyMTNtMiUyMTFpMTAyNCUyMTJpNzY4JTIxNGYxMy4xJTIxM20zJTIxMW0yJTIxMXMweDQ2ZWNlMmQyYWZlMTY0OWQlMjUzQTB4ZGU5NjBjMTUwMDQxOTBlZiUyMTJzUmFiYSUyQjM5JTI1MkMlMkJQJTI1QzMlMjVBNHJudSUyNTJDJTJCODAwNDclMkJQJTI1QzMlMjVBNHJudSUyQm1hYWtvbmQlMjE1ZTAlMjEzbTIlMjExc2V0JTIxMnNlZSUyMTR2MTUwMTY5ODIwMTI0NiUyMiUyMHdpZHRoJTNEJTIyNjAwJTIyJTIwaGVpZ2h0JTNEJTIyMzAwJTIyJTIwZnJhbWVib3JkZXIlM0QlMjIwJTIyJTIwc3R5bGUlM0QlMjJib3JkZXIlM0EwJTIyJTIwYWxsb3dmdWxsc2NyZWVuJTNFJTNDJTJGaWZyYW1lJTNF&#8221;][\/vc_column][\/vc_row][vc_row 0=&#8221;&#8221;][vc_column 0=&#8221;&#8221;][vc_raw_html 0=&#8221;&#8221;]JTNDZGl2JTIwY2xhc3MlM0QlMjJncmF5Ym94JTIyJTIwc3R5bGUlM0QlMjJ3aWR0aCUzQSUyMDEwMCUyNSUzQiUyMGJhY2tncm91bmQtY29sb3IlM0ElMjAlMjNmZmZmZmYlM0IlMjBwYWRkaW5nJTNBJTIwNnB4JTIwMjBweCUyMDZweCUyMDIwcHglM0IlMjBib3JkZXItcmFkaXVzJTNBJTIwMTBweCUzQiUyMGJvcmRlciUzQSUyMDFweCUyMHNvbGlkJTIwJTIzZmZmZmZmJTNCJTIwbWFyZ2luLXRvcCUzQSUyMDE1cHglM0IlMjIlM0UlMEElM0NkaXYlMjBzdHlsZSUzRCUyMmRpc3BsYXklM0ElMjBpbmxpbmUtYmxvY2slM0IlMjB2ZXJ0aWNhbC1hbGlnbiUzQSUyMHRvcCUzQiUyMiUzRSUzQ2klMjBjbGFzcyUzRCUyMmZhJTIwZmEtaW5mby1jaXJjbGUlMjIlMjBzdHlsZSUzRCUyMmZvbnQtc2l6ZSUzQSUyMDE4cHglM0IlMjIlM0UlMjAlM0MlMkZpJTNFJTIwJTNDJTJGZGl2JTNFJTBBJTNDZGl2JTIwc3R5bGUlM0QlMjJkaXNwbGF5JTNBJTIwaW5saW5lLWJsb2NrJTNCJTIyJTNFJTBBTyVDMyU5QyUyMFBhaWtyZSUyMG93bnMlMjBhJTIwd2FzdGUlMjBsaWNlbmNlJTIwbnIuTC5KJUMzJTg0JTJGMzI5MDAwJTIwdmFsaWQlMjBmcm9tJTIwMDQuMDUuMjAyMi5hLiUyOHRlcm1sZXNzJTI5JTIwZm9yJTIwcmVjZWl2aW5nJTIwYW5kJTIwdHJlYXRpbmclMjB3YXN0ZXMuJTNDYnIlM0UlMEFPJUMzJTlDJTIwUGFpa3JlJTIwb3ducyUyMGElMjBoYW5kbGluZyUyMGxpY2VuY2UlMjBmb3IlMjByZWNlaXZpbmclMjBoYXphcmRvdXMlMjB3YXN0ZXMlMkMlMjBuciUyMDA0NjIlMjAlMjh3aXRoJTIwdGVybWxlc3MlMjB2YWxpZGl0eSUyOSUwQSUzQyUyRmRpdiUzRSUwQSUzQyUyRmRpdiUzRQ==[\/vc_raw_html][\/vc_column][\/vc_row][vc_row css=&#8221;.vc_custom_1510954124503{margin-top: 55px !important;}&#8221;][vc_column width=&#8221;1\/4&#8243;][vc_custom_heading text=&#8221;Landfill&#8221; font_container=&#8221;tag:h2|text_align:left|color:%23f78c00&#8243; google_fonts=&#8221;font_family:Roboto%3A100%2C100italic%2C300%2C300italic%2Cregular%2Citalic%2C500%2C500italic%2C700%2C700italic%2C900%2C900italic|font_style:500%20bold%20regular%3A500%3Anormal&#8221; css=&#8221;.vc_custom_1518701975912{margin-bottom: 30px !important;}&#8221;][vc_raw_html 0=&#8221;&#8221;]JTNDZGl2JTIwc3R5bGUlM0QlMjJkaXNwbGF5JTNBJTIwaW5saW5lLWJsb2NrJTNCJTIwdmVydGljYWwtYWxpZ24lM0ElMjB0b3AlM0IlMjBtYXJnaW4tcmlnaHQlM0ElMjAxMHB4JTNCJTIyJTNFJTBBJTNDaSUyMGNsYXNzJTNEJTIyZmElMjBmYS1ob21lJTIyJTIwc3R5bGUlM0QlMjJjb2xvciUzQSUyMCUyMzAwMDAwMCUzQiUyMGZvbnQtc2l6ZSUzQSUyMDE4cHglM0IlMjIlM0UlMjAlM0MlMkZpJTNFJTBBJTNDJTJGZGl2JTNFJTBBJTBBJTNDZGl2JTIwc3R5bGUlM0QlMjJkaXNwbGF5JTNBJTIwaW5saW5lLWJsb2NrJTNCJTIyJTNFJTBBJTNDcCUyMHN0eWxlJTNEJTIyZm9udC1zaXplJTNBJTIwMTVweCUzQiUyMiUzRSUwQVAlQzMlQjVsZW5kbWFhJTJDJTIwUCVDMyVBNHJudSUyMGNpdHklM0NiciUzRSUwQVAlQzMlQTRybnUlMjBjb3VudHklMjA4NjYwMyUwQSUzQyUyRnAlM0UlMEElM0MlMkZkaXYlM0U=[\/vc_raw_html][vc_raw_html 0=&#8221;&#8221;]JTNDZGl2JTIwc3R5bGUlM0QlMjJkaXNwbGF5JTNBJTIwaW5saW5lLWJsb2NrJTNCJTIwdmVydGljYWwtYWxpZ24lM0ElMjB0b3AlM0IlMjBtYXJnaW4tcmlnaHQlM0ElMjAxMHB4JTNCJTIyJTNFJTBBJTNDaSUyMGNsYXNzJTNEJTIyZmElMjBmYS1jbG9jay1vJTIyJTIwc3R5bGUlM0QlMjJjb2xvciUzQSUyMCUyMzAwMDAwMCUzQiUyMGZvbnQtc2l6ZSUzQSUyMDE4cHglM0IlMjIlM0UlMjAlM0MlMkZpJTNFJTBBJTNDJTJGZGl2JTNFJTBBJTBBJTNDZGl2JTIwc3R5bGUlM0QlMjJkaXNwbGF5JTNBJTIwaW5saW5lLWJsb2NrJTNCJTIyJTNFJTBBJTNDcCUyMHN0eWxlJTNEJTIyZm9udC1zaXplJTNBJTIwMTVweCUzQiUyMiUzRSUwQSUzQ2IlM0UlMjBNb24tRnJpJTNDJTJGYiUzRSUyMDguMDAlMjAtJTIwMTkuMDAlM0NiciUzRSUwQSUzQ2IlM0UlMjBTYXQlM0MlMkZiJTNFJTIwOS4wMCUyMC0lMjAxNy4wMCUzQ2JyJTNFJTBBJTNDYiUzRSUyMFN1biUzQyUyRmIlM0UlMjA5LjAwJTIwLSUyMDE3LjAwJTNDYnIlM0UlMEFHQVRFUyUyMFdJTEwlMjBCRSUyMENMT1NFRCUyMDE1JTIwTUlOLiUyMEJFRk9SRSUyMFRIRSUyMENMT1NJTkclMjBUSU1FJTIxJTBBJTBBJTNDJTJGcCUzRSUwQSUzQyUyRmRpdiUzRQ==[\/vc_raw_html][vc_raw_html css=&#8221;.vc_custom_1501697917194{margin-top: 0px !important;border-top-width: 0px !important;padding-top: 0px !important;}&#8221;]JTNDZGl2JTIwc3R5bGUlM0QlMjJkaXNwbGF5JTNBJTIwaW5saW5lLWJsb2NrJTNCJTIwdmVydGljYWwtYWxpZ24lM0ElMjB0b3AlM0IlMjBtYXJnaW4tcmlnaHQlM0ElMjAxMHB4JTNCJTIyJTNFJTBBJTNDaSUyMGNsYXNzJTNEJTIyZmElMjBmYS1waG9uZSUyMiUyMHN0eWxlJTNEJTIyY29sb3IlM0ElMjAlMjMwMDAwMDAlM0IlMjBmb250LXNpemUlM0ElMjAxOHB4JTNCJTIyJTNFJTIwJTNDJTJGaSUzRSUwQSUzQyUyRmRpdiUzRSUwQSUwQSUzQ2RpdiUyMHN0eWxlJTNEJTIyZGlzcGxheSUzQSUyMGlubGluZS1ibG9jayUzQiUyMiUzRSUwQSUzQ3AlMjBzdHlsZSUzRCUyMmZvbnQtc2l6ZSUzQSUyMDE1cHglM0IlMjIlM0UlMEE0NCUyMDU1JTIwNzYwJTBBJTNDJTJGcCUzRSUwQSUzQyUyRmRpdiUzRQ==[\/vc_raw_html][vc_raw_html 0=&#8221;&#8221;]JTNDZGl2JTIwc3R5bGUlM0QlMjJkaXNwbGF5JTNBJTIwaW5saW5lLWJsb2NrJTNCJTIwdmVydGljYWwtYWxpZ24lM0ElMjB0b3AlM0IlMjBtYXJnaW4tcmlnaHQlM0ElMjAxMHB4JTNCJTIyJTNFJTBBJTNDaSUyMGNsYXNzJTNEJTIyZmElMjBmYS1lbnZlbG9wZSUyMiUyMHN0eWxlJTNEJTIyY29sb3IlM0ElMjAlMjMwMDAwMDAlM0IlMjBmb250LXNpemUlM0ElMjAxOHB4JTNCJTIyJTNFJTIwJTNDJTJGaSUzRSUwQSUzQyUyRmRpdiUzRSUwQSUwQSUzQ2RpdiUyMHN0eWxlJTNEJTIyZGlzcGxheSUzQSUyMGlubGluZS1ibG9jayUzQiUyMiUzRSUwQSUzQ3AlMjBzdHlsZSUzRCUyMmZvbnQtc2l6ZSUzQSUyMDE1cHglM0IlMjIlM0UlMEElM0NhJTIwaHJlZiUzRCUyMm1haWx0byUzQWluZm8lNDBwYWlrcmUuZWUlMjIlM0UlM0NiJTNFaW5mbyU0MHBhaWtyZS5lZSUzQyUyRmIlM0UlM0MlMkZhJTNFJTBBJTNDJTJGcCUzRSUwQSUzQyUyRmRpdiUzRQ==[\/vc_raw_html][vc_separator css=&#8221;.vc_custom_1510953643211{margin-top: 10px !important;margin-bottom: 10px !important;}&#8221;][vc_raw_html 0=&#8221;&#8221;]JTNDZGl2JTIwc3R5bGUlM0QlMjJkaXNwbGF5JTNBJTIwaW5saW5lLWJsb2NrJTNCJTIwdmVydGljYWwtYWxpZ24lM0ElMjB0b3AlM0IlMjBtYXJnaW4tcmlnaHQlM0ElMjAxMHB4JTNCJTIyJTNFJTBBJTNDaSUyMGNsYXNzJTNEJTIyZmElMjBmYS1hcmNoaXZlJTIyJTIwc3R5bGUlM0QlMjJjb2xvciUzQSUyMCUyMzAwMDAwMCUzQiUyMGZvbnQtc2l6ZSUzQSUyMDE4cHglM0IlMjIlM0UlMjAlM0MlMkZpJTNFJTBBJTNDJTJGZGl2JTNFJTBBJTBBJTNDZGl2JTIwc3R5bGUlM0QlMjJkaXNwbGF5JTNBJTIwaW5saW5lLWJsb2NrJTNCJTIyJTNFJTBBJTNDcCUyMHN0eWxlJTNEJTIyZm9udC1zaXplJTNBJTIwMTVweCUzQiUyMiUzRSUwQSUzQ3N0cm9uZyUzRVdlaWdoaW5nJTIwdW5pdCUzQyUyRnN0cm9uZyUzRSUzQ2JyJTNFJTBBJTNDYSUyMGhyZWYlM0QlMjJtYWlsdG8lM0FrYWFsJTQwcGFpa3JlLmVlJTIyJTNFJTNDYiUzRWthYWwlNDBwYWlrcmUuZWUlM0MlMkZiJTNFJTNDJTJGYSUzRSUzQ2JyJTNFJTBBNDQlMjA1NSUyMDc2MiUwQSUzQyUyRnAlM0UlMEElM0MlMkZkaXYlM0UlMEE=[\/vc_raw_html][\/vc_column][vc_column width=&#8221;3\/4&#8243;][vc_gmaps link=&#8221;#E-8_JTNDaWZyYW1lJTIwc3JjJTNEJTIyaHR0cHMlM0ElMkYlMkZ3d3cuZ29vZ2xlLmNvbSUyRm1hcHMlMkZlbWJlZCUzRnBiJTNEJTIxMW0xOCUyMTFtMTIlMjExbTMlMjExZDczNzcxLjEzMDYxNzU1NTI3JTIxMmQyNC42ODgyMjI5MjkwMzI0NTIlMjEzZDU4LjM2MTYxMDYwMzc0MTg4JTIxMm0zJTIxMWYwJTIxMmYwJTIxM2YwJTIxM20yJTIxMWkxMDI0JTIxMmk3NjglMjE0ZjEzLjElMjEzbTMlMjExbTIlMjExczB4NDZlY2ZhY2JiOTFmZTY5NSUyNTNBMHhiMjFmMjZiNzRlZGE4ZmU2JTIxMnpVTU8xYkdWdVpHMWhZU0J3Y3NPOFoybHNZU3dnVU1PMWJHVnVaRzFoWVN3Z09EWTJNRE1nVU1Pa2NtNTFJRzFoWVd0dmJtUSUyMTVlMCUyMTNtMiUyMTFzZXQlMjEyc2VlJTIxNHYxNTAyODEyNTM1MDcyJTIyJTIwd2lkdGglM0QlMjI2MDAlMjIlMjBoZWlnaHQlM0QlMjIzMDAlMjIlMjBmcmFtZWJvcmRlciUzRCUyMjAlMjIlMjBzdHlsZSUzRCUyMmJvcmRlciUzQTAlMjIlMjBhbGxvd2Z1bGxzY3JlZW4lM0UlM0MlMkZpZnJhbWUlM0U=&#8221;][\/vc_column][\/vc_row][vc_row 0=&#8221;&#8221;][vc_column 0=&#8221;&#8221;][vc_raw_html 0=&#8221;&#8221;]JTNDZGl2JTIwY2xhc3MlM0QlMjJncmF5Ym94JTIyJTIwc3R5bGUlM0QlMjJ3aWR0aCUzQSUyMDEwMCUyNSUzQiUyMGJhY2tncm91bmQtY29sb3IlM0ElMjAlMjNmZmZmZmYlM0IlMjBwYWRkaW5nJTNBJTIwNnB4JTIwMjBweCUyMDZweCUyMDIwcHglM0IlMjBib3JkZXItcmFkaXVzJTNBJTIwMTBweCUzQiUyMGJvcmRlciUzQSUyMDFweCUyMHNvbGlkJTIwJTIzZmZmZmZmJTNCJTIwbWFyZ2luLXRvcCUzQSUyMDE1cHglM0IlMjIlM0UlMEElM0NkaXYlMjBzdHlsZSUzRCUyMmRpc3BsYXklM0ElMjBpbmxpbmUtYmxvY2slM0IlMjB2ZXJ0aWNhbC1hbGlnbiUzQSUyMHRvcCUzQiUyMiUzRSUzQ2klMjBjbGFzcyUzRCUyMmZhJTIwZmEtaW5mby1jaXJjbGUlMjIlMjBzdHlsZSUzRCUyMmZvbnQtc2l6ZSUzQSUyMDE4cHglM0IlMjIlM0UlMjAlM0MlMkZpJTNFJTIwJTNDJTJGZGl2JTNFJTBBJTNDZGl2JTIwc3R5bGUlM0QlMjJkaXNwbGF5JTNBJTIwaW5saW5lLWJsb2NrJTNCJTIyJTNFJTBBRW52aXJvbm1lbnRhbCUyMGNvbXBsZXglMjBsaWNlbmNlJTIwS0tMJTJGMzE3NDY1JTIwJTI4dGVybWxlc3MlMjklM0NiciUzRSUwQU8lQzMlOUMlMjBQYWlrcmUlMjBvd25zJTIwYSUyMHRyZWF0aW5nJTIwbGljZW5jZSUyMGZvciUyMHJlY2VpdmluZyUyMGhhemFyZG91cyUyMHdhc3RlJTJDJTIwbnIlMjAwNDYyJTIwJTI4JTIwd2l0aCUyMHRlcm1sZXNzJTIwdmFsaWRpdHklMjklMEElM0MlMkZkaXYlM0UlMEElM0MlMkZkaXYlM0U=[\/vc_raw_html][\/vc_column][\/vc_row][vc_row css=&#8221;.vc_custom_1510954134692{margin-top: 100px !important;}&#8221; el_id=&#8221;projektid&#8221;][vc_column][vc_custom_heading text=&#8221;Collaboration and projects&#8221; font_container=&#8221;tag:h2|text_align:left|color:%23424242&#8243; use_theme_fonts=&#8221;yes&#8221;]<hr class=\"line\" style=\"height:3px;background-color:#f78c00;width:100px;margin-top:10px;margin-bottom:25px;\" ><div class=\"clearfix\"><\/div>[\/vc_column][\/vc_row][vc_row el_id=&#8221;tunnustused&#8221;][vc_column width=&#8221;2\/3&#8243;][vc_column_text el_class=&#8221;justify&#8221;]<img decoding=\"async\" loading=\"lazy\" class=\"alignleft wp-image-5 \" src=\"https:\/\/saunatrip.ee\/web\/paikre\/wp-content\/uploads\/2017\/06\/logo3-150x150.png\" alt=\"\" width=\"105\" height=\"105\" \/>Paikre cares for the environment, where we live. Peoples excessive consumption causes huge ecological problems, generating vast quantities of wastes. We are forced to deal with consequences, but it\u00b4s possible to prevent them, if people would consume thoughtfully and learn to treat wastes properly.<br \/>\nThe waste problem needs constant attention and it\u00b4s important to raise peoples awareness on that topic. Paikre supports nature friendly attitude and contributes in preserving nature and environment. We support actions that are targeted on dealing and solving the issue.<\/p>\n<p>Paikre O\u00dc cooperation partners are P\u00e4rnu city, SA Endla Teater, 2 Silla klubi.<\/p>\n<p>Projects supported:<br \/>\nO\u00dc Paikre has received endorsement from KIK for implementing the project \u201eDeveloping recycling of the packaging waste from Paikre sorting station\u201c (SFOS nr 2.1.0601.11-0055). Project total cost was 236 491.73, support sum 118 244.63 euros.<br \/>\nO\u00dc Paikre has received endorsement from KIK in 2015 in the I environmental program &#8220;Environmental awareness&#8221; for the project &#8220;The crow goes to visit&#8221; ( project nr. 9882) and the cost was 5 773.02 euros of which KIK covered 2 882.23 euros.<br \/>\nO\u00dc Paikre has received endorsement from KIK in 2016 in the I environmental program &#8221; Waste treatment&#8221; for the project &#8220;Creating a collecting point for usable material on the territory of Paikre O\u00dc ( project nr. 12165). Cost of the project was 7640.00 euros of which KIK covered 3654.00 euros.[\/vc_column_text][\/vc_column][vc_column width=&#8221;1\/3&#8243;][vc_single_image image=&#8221;2132&#8243; img_size=&#8221;full&#8221;][vc_single_image image=&#8221;2131&#8243; img_size=&#8221;full&#8221; css=&#8221;.vc_custom_1509147892310{margin-top: 10px !important;}&#8221;][\/vc_column][\/vc_row][vc_row disable_element=&#8221;yes&#8221; css=&#8221;.vc_custom_1518030089335{margin-top: 50px !important;}&#8221; el_id=&#8221;uudised&#8221;][vc_column][vc_custom_heading text=&#8221;Uudised&#8221; font_container=&#8221;tag:h2|text_align:left|color:%23424242&#8243; use_theme_fonts=&#8221;yes&#8221; el_id=&#8221;uudised&#8221;]<hr class=\"line\" style=\"height:3px;background-color:#f78c00;width:100px;margin-top:10px;margin-bottom:25px;\" ><div class=\"clearfix\"><\/div>[vc_column_text]<div id=\"category-posts-4\" class=\"widget cat-post-widget amr_widget\"><h4>Uudised ettev\u00f5tte lehel<\/h4><ul id=\"category-posts-4-internal\" class=\"category-posts-internal\">\n<\/ul>\n<\/div>[\/vc_column_text][\/vc_column][\/vc_row][vc_row][vc_column][vc_raw_html]JTNDZGl2JTIwc3R5bGUlM0QlMjJoZWlnaHQlM0ElMjAxNTBweCUzQiUyMiUzRSUzQyUyRmRpdiUzRQ==[\/vc_raw_html][\/vc_column][\/vc_row]<\/p>\n","protected":false},"excerpt":{"rendered":"<p> [&hellip;]<\/p>\n","protected":false},"author":2,"featured_media":0,"parent":0,"menu_order":0,"comment_status":"closed","ping_status":"closed","template":"","meta":{"footnotes":""},"acf":[],"_links":{"self":[{"href":"https:\/\/paikre.ee\/en\/wp-json\/wp\/v2\/pages\/3106"}],"collection":[{"href":"https:\/\/paikre.ee\/en\/wp-json\/wp\/v2\/pages"}],"about":[{"href":"https:\/\/paikre.ee\/en\/wp-json\/wp\/v2\/types\/page"}],"author":[{"embeddable":true,"href":"https:\/\/paikre.ee\/en\/wp-json\/wp\/v2\/users\/2"}],"replies":[{"embeddable":true,"href":"https:\/\/paikre.ee\/en\/wp-json\/wp\/v2\/comments?post=3106"}],"version-history":[{"count":50,"href":"https:\/\/paikre.ee\/en\/wp-json\/wp\/v2\/pages\/3106\/revisions"}],"predecessor-version":[{"id":5674,"href":"https:\/\/paikre.ee\/en\/wp-json\/wp\/v2\/pages\/3106\/revisions\/5674"}],"wp:attachment":[{"href":"https:\/\/paikre.ee\/en\/wp-json\/wp\/v2\/media?parent=3106"}],"curies":[{"name":"wp","href":"https:\/\/api.w.org\/{rel}","templated":true}]}}